{"id":61,"date":"2024-04-17T12:37:20","date_gmt":"2024-04-17T12:37:20","guid":{"rendered":"http:\/\/scegitimdanismanlik.com\/?page_id=61"},"modified":"2024-04-17T12:37:20","modified_gmt":"2024-04-17T12:37:20","slug":"arac-kurtarma-cekme-tasima-operatorlugu-egitimi","status":"publish","type":"page","link":"https:\/\/scegitimdanismanlik.com\/index.php\/arac-kurtarma-cekme-tasima-operatorlugu-egitimi\/","title":{"rendered":"Ara\u00e7-Kurtarma \u00c7ekme Ta\u015f\u0131ma Operat\u00f6rl\u00fc\u011f\u00fc E\u011fitimi"},"content":{"rendered":"","protected":false},"excerpt":{"rendered":"","protected":false},"author":1,"featured_media":0,"parent":0,"menu_order":0,"comment_status":"closed","ping_status":"closed","template":"","meta":{"footnotes":""},"class_list":["post-61","page","type-page","status-publish","hentry"],"_links":{"self":[{"href":"https:\/\/scegitimdanismanlik.com\/index.php\/wp-json\/wp\/v2\/pages\/61","targetHints":{"allow":["GET"]}}],"collection":[{"href":"https:\/\/scegitimdanismanlik.com\/index.php\/wp-json\/wp\/v2\/pages"}],"about":[{"href":"https:\/\/scegitimdanismanlik.com\/index.php\/wp-json\/wp\/v2\/types\/page"}],"author":[{"embeddable":true,"href":"https:\/\/scegitimdanismanlik.com\/index.php\/wp-json\/wp\/v2\/users\/1"}],"replies":[{"embeddable":true,"href":"https:\/\/scegitimdanismanlik.com\/index.php\/wp-json\/wp\/v2\/comments?post=61"}],"version-history":[{"count":1,"href":"https:\/\/scegitimdanismanlik.com\/index.php\/wp-json\/wp\/v2\/pages\/61\/revisions"}],"predecessor-version":[{"id":62,"href":"https:\/\/scegitimdanismanlik.com\/index.php\/wp-json\/wp\/v2\/pages\/61\/revisions\/62"}],"wp:attachment":[{"href":"https:\/\/scegitimdanismanlik.com\/index.php\/wp-json\/wp\/v2\/media?parent=61"}],"curies":[{"name":"wp","href":"https:\/\/api.w.org\/{rel}","templated":true}]}}