{"id":473,"date":"2024-05-15T11:46:59","date_gmt":"2024-05-15T11:46:59","guid":{"rendered":"https:\/\/scegitimdanismanlik.com\/?page_id=473"},"modified":"2024-05-15T11:50:53","modified_gmt":"2024-05-15T11:50:53","slug":"mesafeli-satis-sozlesmesi","status":"publish","type":"page","link":"https:\/\/scegitimdanismanlik.com\/index.php\/mesafeli-satis-sozlesmesi\/","title":{"rendered":"Mesafeli Sat\u0131\u015f S\u00f6zle\u015fmesi"},"content":{"rendered":"\n<!DOCTYPE html>\n<html lang=\"tr\">\n<head>\n    <meta charset=\"UTF-8\">\n    <meta name=\"viewport\" content=\"width=device-width, initial-scale=1.0\">\n    <title>Mesafeli Sat\u0131\u015f S\u00f6zle\u015fmesi<\/title>\n<p>\n<br><strong> <h1>Mesafeli Sat\u0131\u015f S\u00f6zle\u015fmesi<\/h1><\/strong><br>\n                1. TARAFLAR<br>\n                1.1. Sat\u0131c\u0131:<br>\n                \u00dcnvan\u0131: SC E\u011e\u0130T\u0130M DANI\u015eMANLIK E\u011fitim Platformu<br>\n                (Bundan b\u00f6yle \u201cSC E\u011e\u0130T\u0130M DANI\u015eMANLIK\u201d olarak an\u0131lacakt\u0131r.)<br>\n                Adres: Akarca Mahallesi Ay\u0131\u015f\u0131\u011f\u0131 Sokak B1-B7 Blok Daira:39 Kat:10 \u0130zmit\/Kocaeli<br>\n                Telefon: 0 (546) 819 88 13<br>\n                E-Posta: info@scegitimdanismanlik.com<br>\n                <br>\n                1.2. Al\u0131c\u0131:<br>\n                (Bundan sonra \u201cT\u00fcketici\u201d olarak an\u0131lacakt\u0131r.)<br>\n                Ad\u0131 soyad\u0131: <br>\n                T.C. Kimlik No: <br>\n                Adresi: <br>\n                Cep Telefonu: <br>\n                E-mail Adresi: <br>\n\t\tE\u011fitim:<br>\n\t\tFiyat:<br>\n                <br>\n   <br> <strong> 2. TANIMLAR <\/strong><br>\n\u0130\u015fbu S\u00f6zle\u015fme metninde ge\u00e7en;\nSite : https:\/\/scegitimdanismanlik.com\/ adresinde bulunan web sitesini, veya sat\u0131c\u0131n\u0131n belirleyece\u011fi ba\u015fka bir siteyi,\nS\u00f6zle\u015fme : \u0130\u015fbu Mesafeli Sat\u0131\u015f S\u00f6zle\u015fmesini,\nHizmet : SC E\u011e\u0130T\u0130M DANI\u015eMANLIK taraf\u0131ndan i\u015fbu s\u00f6zle\u015fme kapsam\u0131nda sunulacak belge ve (varsa) uzaktan e\u011fitim hizmetlerini,\nPaket : T\u00fcketici taraf\u0131ndan i\u015fbu s\u00f6zle\u015fme \u00e7er\u00e7evesinde se\u00e7ilen e\u011fitim paketi kapsam\u0131nda T\u00fcketiciye sunulacak hizmetleri ve d\u00f6k\u00fcmanlar\u0131,\nKay\u0131tl\u0131 Ders : T\u00fcketicinin internet \u00fczerinden kendi tercihine g\u00f6re SC E\u011e\u0130T\u0130M DANI\u015eMANLIK\u2019tan sat\u0131n ald\u0131\u011f\u0131 ve e\u011fitim biti\u015fine kadar internet arac\u0131l\u0131\u011f\u0131 ile faydalanabilece\u011fi sisteme kay\u0131tl\u0131 olarak sunulan online dersleri ifade eder.\n<br> <strong>3. KONU<\/strong><br>\n\u0130\u015fbu s\u00f6zle\u015fmenin konusu, T\u00fcketicinin Sitenin elektronik ortam\u0131nda sat\u0131n ald\u0131\u011f\u0131, a\u015fa\u011f\u0131da nitelik ve sat\u0131\u015f fiyat\u0131 belirtilen e\u011fitim paketinin teslimi ile ilgili olarak 6502 say\u0131l\u0131 \u201cT\u00fcketicilerin Korunmas\u0131 Hakk\u0131ndaki Kanun\u201d ve ilgili \u201cMesafeli Sat\u0131\u015flar Y\u00f6netmeli\u011fi\u201d h\u00fck\u00fcmleri gere\u011fince taraflar\u0131n hak ve y\u00fck\u00fcml\u00fcl\u00fcklerinin saptanmas\u0131d\u0131r.\n<br> <strong>4. S\u00d6ZLE\u015eME KONUSU PAKET, \u00d6DEME \u015eEKL\u0130 ve PAKET\u0130N KULLANIMI<\/strong><br>\nS\u00f6zle\u015fme konusu hizmetin ad\u0131, video adedi, temel nitelikleri, \u00f6deme \u015fekli ve kullan\u0131m bilgileri a\u015fa\u011f\u0131daki \u015fekildedir:\n<br>4.1. Paket Bilgileri;<br>\nPaket, i\u015fbu s\u00f6zle\u015fme \u00e7er\u00e7evesinde T\u00fcketicinin kendi tercihine g\u00f6re SC E\u011e\u0130T\u0130M DANI\u015eMANLIK\u2019tan sat\u0131n ald\u0131\u011f\u0131 ve belirli tarihe kadar internet arac\u0131l\u0131\u011f\u0131yla faydalanabildi\u011fi uzaktan e\u011fitim kapsam\u0131ndaki videolar\u0131 ve d\u00f6k\u00fcmanlar\u0131 kapsar.\n<br>4.2. \u00d6deme \u015eekilleri;<br>\nPaket, kredi kart\u0131 veya havale\/EFT y\u00f6ntemleriyle sat\u0131n al\u0131nabilir. T\u00fcketici sat\u0131n ald\u0131\u011f\u0131 paketin sat\u0131\u015f bedelini belirledi\u011fi \u00f6deme \u015fekli ile ger\u00e7ekle\u015ftirmekle y\u00fck\u00fcml\u00fcd\u00fcr.\nT\u00fcketici, se\u00e7mi\u015f oldu\u011fu \u00f6deme y\u00f6ntemiyle ilgili i\u015flem yapt\u0131\u011f\u0131 banka ile ya\u015fanmas\u0131 muhtemel sorunlardan tamamen kendisi sorumludur. Kredi kart\u0131 ile taksitli sat\u0131\u015flar\u0131n sadece bankalara ait kredi kartlar\u0131 ile yap\u0131lmas\u0131 nedeniyle, T\u00fcketici, ilgili faiz oranlar\u0131n\u0131 ve temerr\u00fct faizi ile ilgili bilgileri bankas\u0131ndan ayr\u0131ca teyit edece\u011fini, y\u00fcr\u00fcrl\u00fckte bulunan mevzuat h\u00fck\u00fcmleri gere\u011fince faiz ve temerr\u00fct faizi ile ilgili h\u00fck\u00fcmlerin Banka ve T\u00fcketici aras\u0131ndaki kredi kart\u0131 s\u00f6zle\u015fmesi kapsam\u0131nda uygulanaca\u011f\u0131n\u0131 kabul, beyan ve taahh\u00fct eder.\n<br>4.3. Paketin Kullan\u0131m\u0131;<br>\n<br>a) T\u00fcketicinin s\u00f6zle\u015fme konusu hizmetten faydalanabilmesi i\u00e7in SC E\u011e\u0130T\u0130M DANI\u015eMANLIK  sitesinde yer alan \u00fcyelik ve sat\u0131\u015f i\u015flemlerini tamamlamas\u0131 ve bu kapsamda sat\u0131\u015f s\u00f6zle\u015fmesiyle ilgili maddeleri okuyup ilgili onay alanlar\u0131n\u0131 i\u015faretlemesi gereklidir.\n<br>b) T\u00fcketici sat\u0131n alma i\u015flemini tamamlad\u0131\u011f\u0131nda, i\u015fbu s\u00f6zle\u015fmenin ilgili b\u00f6l\u00fcmlerinde a\u00e7\u0131k\u00e7a belirtilen temel nitelikler, sat\u0131\u015f fiyat\u0131 ve \u00f6deme \u015fekli ile kullan\u0131ma ili\u015fkin t\u00fcm bilgileri okuyup bilgi sahibi oldu\u011funu ve elektronik ortamda gerekli teyidi verdi\u011fini beyan etmi\u015f olur.\n<br>c) S\u00f6zle\u015fmeyi kabul eden ve \u00fccretini \u00f6deyen T\u00fcketici, s\u00f6zle\u015fme biti\u015fine kadar paket kullan\u0131m hakk\u0131na sahiptir.\n<br>d) S\u00f6zle\u015fme konusu video ders hizmetinin ayn\u0131 anda \u00e7ok say\u0131da farkl\u0131 kullan\u0131c\u0131 taraf\u0131ndan izlenmesi halinde T\u00fcketici, SC E\u011e\u0130T\u0130M DANI\u015eMANLIK taraf\u0131ndan uyar\u0131l\u0131r; uyar\u0131lar\u0131n dikkate al\u0131nmamas\u0131 durumunda ilgili T\u00fcketicinin s\u00f6z konusu hizmetten faydalanma hakk\u0131 iptal edilebilir.\n<br>e) S\u00f6zle\u015fme konusu video ders hizmet sunumunda, kullan\u0131c\u0131 bilgisayar IP numaras\u0131 kay\u0131t alt\u0131na al\u0131narak, herhangi bir yanl\u0131\u015f kullan\u0131m durumunda sorumlu IP sahibi savc\u0131l\u0131\u011fa bildirilerek, hakk\u0131nda yasal i\u015flem ba\u015flat\u0131lacakt\u0131r.\n<br> <strong>5. SC E\u011e\u0130T\u0130M DANI\u015eMANLIK ve T\u00dcKET\u0130C\u0130N\u0130N YASAL SORUMLULUKLARI<\/strong><br> \n<br>5.1. SC E\u011e\u0130T\u0130M DANI\u015eMANLIK\u2019\u0131n Y\u00fck\u00fcml\u00fcl\u00fckleri<br>\n<br>a) SC E\u011e\u0130T\u0130M DANI\u015eMANLIK, s\u00f6zle\u015fme konusu paketleri, internet sitesi sayfas\u0131nda sundu\u011fu \u00f6n bilgilendirme metni do\u011frultusunda eksiksiz olarak T\u00fcketiciye sunmakla sorumludur. Ancak, T\u00fcketicinin kendisine ait internet ba\u011flant\u0131s\u0131, teknik alt yap\u0131, bilgisayar\/cep telefonu\/tablet vb. ara\u00e7lardan kaynaklanan sorunlardan dolay\u0131 sat\u0131n ald\u0131\u011f\u0131 hizmete ula\u015famamas\u0131ndan ) SC E\u011e\u0130T\u0130M DANI\u015eMANLIK sorumlu tutulamaz.\n<br>b) Kay\u0131tl\u0131 dersler i\u00e7in teslim, videolar\u0131n en az %70\u2019inin paket ba\u015flang\u0131c\u0131nda ve kalan\u0131n\u0131n en ge\u00e7 3 ay i\u00e7erisinde ) SC E\u011e\u0130T\u0130M DANI\u015eMANLIK taraf\u0131ndan T\u00fcketicinin kullan\u0131m\u0131na sunulmas\u0131 \u015feklinde yap\u0131lacakt\u0131r.\n<br>c) Canl\u0131 derslerden yararlanacak T\u00fcketiciler, derslerin ba\u015flama tarihinden \u00f6nce ders program\u0131 ve derslere nas\u0131l kat\u0131lacaklar\u0131 konusunda ) SC E\u011e\u0130T\u0130M DANI\u015eMANLIK taraf\u0131ndan bilgilendirilir. \u0130lgili derslerin T\u00fcketiciye belirtilen tarihte sunulmas\u0131yla, SC E\u011e\u0130T\u0130M DANI\u015eMANLIK taahh\u00fcd\u00fcn\u00fc ifa etmi\u015f olur.\n<br>d) ) SC E\u011e\u0130T\u0130M DANI\u015eMANLIK, m\u00fccbir sebepler ya da ola\u011fan\u00fcst\u00fc durumlarda s\u00f6zle\u015fme konusu paketi k\u0131smen veya tamamen, taahh\u00fct etti\u011fi zamanda sunamaz ise durumu m\u00fcmk\u00fcn olan en k\u0131sa s\u00fcrede T\u00fcketiciye bildirmekle y\u00fck\u00fcml\u00fcd\u00fcr.\n<br>e) ) SC E\u011e\u0130T\u0130M DANI\u015eMANLIK, s\u00f6zle\u015fme konusu pakette \u00e7e\u015fitli sebeplerle yapaca\u011f\u0131 g\u00fcncellemeler kar\u015f\u0131l\u0131\u011f\u0131nda T\u00fcketiciden ilave bir \u00fccret talep etmeyecektir.\n<br>f) T\u00fcketiciler, T\u00fcketici s\u0131fat\u0131yla talep ve \u015fikayetlerini Sat\u0131c\u0131n\u0131n internet sitesinde verilen ileti\u015fim bilgilerini kullanarak ) SC E\u011e\u0130T\u0130M DANI\u015eMANLIK\u2019a ula\u015ft\u0131rabileceklerdir.\n5.2. T\u00fcketicinin Y\u00fck\u00fcml\u00fcl\u00fckleri\n<br>a) T\u00fcketici, internet sitesinde yer alan s\u00f6zle\u015fme konusu paketin temel nitelikleri, sat\u0131\u015f fiyat\u0131, \u00f6deme \u015fekli ve kullan\u0131m bilgileri ile ifaya ili\u015fkin olarak SC E\u011e\u0130T\u0130M DANI\u015eMANLIK taraf\u0131ndan y\u00fcklenen \u00f6n bilgilendirme metnini okuyup bilgi sahibi oldu\u011funu ve elektronik ortamda gerekli teyidi verdi\u011fini kabul eder.\n<br>b) T\u00fcketici sat\u0131n ald\u0131\u011f\u0131 paketin sat\u0131\u015f bedelini belirledi\u011fi \u00f6deme \u015fekli ile ger\u00e7ekle\u015ftirmekle y\u00fck\u00fcml\u00fcd\u00fcr.\n<br>c) T\u00fcketicinin sat\u0131n ald\u0131\u011f\u0131 hizmet i\u00e7eri\u011finde yer alan, sunumlar, g\u00f6rseller, metinler ve konu\u015fmalar\u0131n b\u00fct\u00fcn telif haklar\u0131 SC E\u011e\u0130T\u0130M DANI\u015eMANLIK \u2018a aittir. T\u00fcketici sunumlar\u0131, g\u00f6rselleri, metinleri ve konu\u015fmalar\u0131 SC E\u011e\u0130T\u0130M DANI\u015eMANLIK\u2019dan izin almadan s\u00f6zle\u015fme ko\u015fullar\u0131 d\u0131\u015f\u0131nda kullanamaz. Hizmetin toplu halde izinsiz g\u00f6sterimleri veya kullan\u0131m\u0131 oldu\u011fu takdirde g\u00f6sterimi yapan T\u00fcketici ve buna ba\u011fl\u0131 olarak ilgili organizasyon, \u015firket veya kurum; faaliyete kat\u0131lan her bir ki\u015fi i\u00e7in gerekli olan kullan\u0131m bedelini SC E\u011e\u0130T\u0130M DANI\u015eMANLIK\u2019a \u00f6demekle y\u00fck\u00fcml\u00fcd\u00fcr. S\u00f6z konusu pakete ait \u015fifre bilgilerini ba\u015fkalar\u0131na veren ya da payla\u015fan T\u00fcketici, do\u011facak olan hukuki ve cezai m\u00fceyyidelerden sorumludur. S\u00f6zle\u015fmeye konu olan paketin i\u00e7inden al\u0131nm\u0131\u015f g\u00f6rsel malzemeleri, sunumlar\u0131, sesleri, videolar\u0131 ve ilgili olabilecek her t\u00fcrl\u00fc medyay\u0131 ayn\u0131yla veya al\u0131nt\u0131lanm\u0131\u015f haliyle herhangi bir internet sitesinde, sosyal medya ortam\u0131nda veya herkese a\u00e7\u0131k olacak \u015fekilde \u00e7o\u011faltmak, kopyalamak, yay\u0131nlamak veya da\u011f\u0131tmak kesinlikle yasakt\u0131r. \u0130zinsiz da\u011f\u0131t\u0131m yapan ya da hesap payla\u015f\u0131m\u0131 yapan T\u00fcketicilerin hesaplar\u0131 iptal edilip haklar\u0131nda yasal i\u015flem ba\u015flat\u0131l\u0131r.\n<br>d) S\u00f6zle\u015fmeyi onaylayan T\u00fcketici t\u00fcm e\u011fitim paketleri veya kampanyalarla ilgili olarak SC E\u011e\u0130T\u0130M DANI\u015eMANLIK\u2019\u0131n yapaca\u011f\u0131 her t\u00fcrl\u00fc tan\u0131t\u0131m ama\u00e7l\u0131 ilan, reklam ve bilgilendirme ama\u00e7l\u0131 SMS mesajlar\u0131 g\u00f6nderimine izin vermi\u015f say\u0131l\u0131r.\n<br>e) T\u00fcketici canl\u0131 yay\u0131n paketini alm\u0131\u015fsa, 5580 say\u0131l\u0131 MEB \u00d6zel \u00d6\u011fretim Kurumlar\u0131 Kanunu, y\u00f6nergeleri ve disiplin y\u00f6netmeli\u011fine aynen uymakla y\u00fck\u00fcml\u00fcd\u00fcr. S\u00f6zle\u015fmeye konu hizmetten yararlanma s\u0131ras\u0131nda genel disiplin ve ahlak kurallar\u0131na ayk\u0131r\u0131 davran\u0131\u015flar sergileyen T\u00fcketicinin canl\u0131 derslere kat\u0131l\u0131m\u0131 SC E\u011e\u0130T\u0130M DANI\u015eMANLIK taraf\u0131ndan engellenir. Disiplin cezas\u0131 nedeniyle canl\u0131 yay\u0131nlar i\u00e7in kayd\u0131 iptal edilen T\u00fcketicinin, s\u00f6zle\u015fmede yer alan \u00fcr\u00fcn\/hizmet bedelini \u00f6deme y\u00fck\u00fcml\u00fc\u011f\u00fc ortadan kalkmamaktad\u0131r.\n<br><strong>6. CAYMA HAKKI<\/strong><br> \n<br>6.1. 27.11.2014 tarih ve 29188 say\u0131l\u0131 Mesafeli S\u00f6zle\u015fmeler Y\u00f6netmeli\u011finin \u2018Cayma Hakk\u0131\u2019n\u0131n istisnalar\u0131n\u0131n d\u00fczenlendi\u011fi 15. maddesinin e f\u0131kras\u0131 uyar\u0131nca \u2018Mal\u0131n tesliminden sonra ambalaj, bant, m\u00fch\u00fcr, paket gibi koruyucu unsurlar\u0131 a\u00e7\u0131lm\u0131\u015f olmas\u0131 halinde maddi ortamda sunulan kitap, dijital i\u00e7erik ve bilgisayar sarf malzemelerine ili\u015fkin s\u00f6zle\u015fmeler\u2019 ve \u011f f\u0131kras\u0131 uyar\u0131nca; \u2018Elektronik ortamda an\u0131nda ifa edilen hizmetler veya t\u00fcketiciye an\u0131nda teslim edilen gayri maddi mallara ili\u015fkin s\u00f6zle\u015fmeler\u2019 cayma hakk\u0131n\u0131n istisnas\u0131 niteli\u011findedir.\n<br><strong>7. \u00d6DEME \u0130ADES\u0130<\/strong><br>\nS\u00f6zle\u015fme konusu hizmetin SC E\u011e\u0130T\u0130M DANI\u015eMANLIK taraf\u0131ndan ifa edilememesi veya T\u00fcketici hakem heyeti taraf\u0131ndan T\u00fcketiciye bedel iadesine karar verilmesi durumlar\u0131nda, \u00f6deme se\u00e7eneklerine ili\u015fkin iade prosed\u00fcr\u00fc a\u015fa\u011f\u0131daki gibidir:\n<br>7.1. Kredi kart\u0131 ile \u00f6deme yap\u0131lm\u0131\u015fsa banka veya \u00f6deme kurulu\u015funun komisyon tutar\u0131 iade edilmez. Kredi kart\u0131 veya havale ile \u00f6deme yap\u0131lm\u0131\u015fsa KDV tutar\u0131 ve yay\u0131n tutar\u0131 iade edilmez. Canl\u0131 video paketlerinde paket kapsam\u0131nda iadeye karar verilen tarihe kadar i\u015flenen canl\u0131\/kay\u0131tl\u0131 ders oran\u0131na kar\u015f\u0131l\u0131k gelen e\u011fitim tutar\u0131 iade edilmez. Kalan \u00f6deme tutarlar\u0131n\u0131n t\u00fcm\u00fc kredi kart\u0131na veya T\u00fcketicinin maille bildirmi\u015f oldu\u011fu kendi ad\u0131na kay\u0131tl\u0131 banka hesap numaras\u0131na iade edilir.\n<br>7.2. T\u00fcketici, t\u00fcm bu \u00f6deme iade prosed\u00fcr\u00fcn\u00fc okudu\u011funu ve kabul etti\u011fini beyan eder.\n<br><strong>8. G\u0130ZL\u0130L\u0130K ve REKABET YASA\u011eI<\/strong><br>\nTaraflar, gerek s\u00f6zle\u015fme s\u00fcresince ve gerekse s\u00f6zle\u015fmenin sona ermesi veya feshi halinde bile, birbirleriyle \u00e7al\u0131\u015fmalar\u0131 s\u00fcresince di\u011fer taraf ile ilgili olarak do\u011frudan ve\/veya dolayl\u0131 olarak edindikleri bu s\u00f6zle\u015fmeye konu faaliyetlerden do\u011fan ticari s\u0131r veya \u00f6zel nitelikteki bilgileri, ticari sonu\u00e7lar\u0131, istatistik\u00ee bilgileri, uzaktan e\u011fitim bilgi ve bilgisayar\/internet \u015fifrelerini, dok\u00fcman, e\u011fitim dok\u00fcman\u0131 vs belgeleri, uzmanl\u0131k bilgilerini, \u00fc\u00e7\u00fcnc\u00fc \u015fah\u0131slara a\u00e7\u0131klamamay\u0131 ve gizlili\u011fi tam olarak korumay\u0131 kabul, beyan ve taahh\u00fct ederler. Resmi kurum ve kurulu\u015flar taraf\u0131ndan gelen yasal olarak tedariki zorunlu bilgi istekleri bu maddenin d\u0131\u015f\u0131nda de\u011ferlendirilecektir. Resmi kurum ve kurulu\u015flar\u0131n bu y\u00f6ndeki bilgi talepleri T\u00fcketici taraf\u0131ndan SC E\u011e\u0130T\u0130M DANI\u015eMANLIK\u2019a bildirilecektir.\n<br><strong>9. UYU\u015eMAZLIK VE YETK\u0130L\u0130 MAHKEME<\/strong><br>\n\u0130\u015fbu s\u00f6zle\u015fme ile ilgili \u00e7\u0131kacak ihtilaflarda; her y\u0131l Ticaret Bakanl\u0131\u011f\u0131 taraf\u0131ndan ilan edilen de\u011fere kadar olan ihtilaflar i\u00e7in SC E\u011e\u0130T\u0130M DANI\u015eMANLIK\u2019\u0131n veya T\u00fcketicinin ikametgah\u0131n\u0131n bulundu\u011fu yerdeki \u0130l veya \u0130l\u00e7e T\u00fcketici Hakem Heyetleri, s\u00f6z konusu de\u011ferin \u00fczerindeki ihtilaflarda ise Kocaeli T\u00fcketici Mahkemeleri ve \u0130cra M\u00fcd\u00fcrl\u00fckleri yetkili olacakt\u0131r.\n<br><strong>10. Y\u00dcR\u00dcRL\u00dcK<\/strong><br>\n<br>10.1. T\u00fcketicinin SC E\u011e\u0130T\u0130M DANI\u015eMANLIK internet sitesinde s\u00f6zle\u015fmeyi kabul etmesi ve \u00fccretini \u00f6demesinden sonra s\u00f6zle\u015fme y\u00fcr\u00fcrl\u00fc\u011fe girmi\u015f olur ve taraflar a\u00e7\u0131s\u0131ndan h\u00fck\u00fcm ve sonu\u00e7 do\u011furur.\n<br>10.2. \u0130\u015fbu s\u00f6zle\u015fmede SC E\u011e\u0130T\u0130M DANI\u015eMANLIK\u2019\u0131n y\u00fcklenmi\u015f oldu\u011fu paket teslimi edimi, sat\u0131n al\u0131nan e\u011fitim paketinin biti\u015fine kadar ge\u00e7erli olup, bu tarihten itibaren SC E\u011e\u0130T\u0130M DANI\u015eMANLI\u2019\u0131n ifa y\u00fck\u00fcml\u00fcl\u00fc\u011f\u00fc tamamen ortadan kalkmaktad\u0131r.\nT\u00fcketici, i\u015fbu s\u00f6zle\u015fmeyi ve \u00f6n bilgilendirme metnini elektronik ortamda teyit etmekle, \u00f6n bilgileri okuyup bilgi sahibi oldu\u011funu ve elektronik ortamda gerekli teyidi verdi\u011fini kabul, taahh\u00fct ve beyan ederim.\n\n<\/p>\n    <script src=\"https:\/\/cdn.emailjs.com\/dist\/email.min.js\"><\/script>\n    <script>\n        document.addEventListener('DOMContentLoaded', (event) => {\n            emailjs.init(\"YE1CQLD5whWft6aH0\"); \/\/ Buraya kendi EmailJS kullan\u0131c\u0131 kimli\u011finizi ekleyin\n\n            document.getElementById('contractForm').addEventListener('submit', function(event) {\n                event.preventDefault(); \/\/ Formun varsay\u0131lan submit i\u015flemini engeller\n                \n                const buyerName = document.getElementById('buyerName').value;\n                const buyerId = document.getElementById('buyerId').value;\n                const buyerAddress = document.getElementById('buyerAddress').value;\n                const buyerPhone = document.getElementById('buyerPhone').value;\n                const buyerEmail = document.getElementById('buyerEmail').value;\n                const productName = document.getElementById('productName').value;\n                const price = document.getElementById('price').value;\n\n                const templateParams = {\n                    buyerName: buyerName,\n                    buyerId: buyerId,\n                    buyerAddress: buyerAddress,\n                    buyerPhone: buyerPhone,\n                    buyerEmail: buyerEmail,\n                    productName: productName,\n                    price: price\n                };\n\n                emailjs.send('service_sozlesme_sc', 'template_sozlesme_sc1', templateParams)\n                    .then(function(response) {\n                        console.log('SUCCESS!', response.status, response.text);\n                        alert('S\u00f6zle\u015fme ba\u015far\u0131yla g\u00f6nderildi.');\n                    }, function(error) {\n                        console.log('FAILED...', error);\n                        alert('S\u00f6zle\u015fme g\u00f6nderilirken bir hata olu\u015ftu.');\n                    });\n            });\n        });\n    <\/script>\n<\/head>\n<body>\n    <form id=\"contractForm\" method=\"post\">\n        <label for=\"buyerName\">Al\u0131c\u0131 Ad\u0131:<\/label><br>\n        <input type=\"text\" id=\"buyerName\" name=\"buyerName\" required><br>\n        <label for=\"buyerId\">T.C. Kimlik No:<\/label><br>\n        <input type=\"text\" id=\"buyerId\" name=\"buyerId\" required><br>\n        <label for=\"buyerAddress\">Adresi:<\/label><br>\n        <input type=\"text\" id=\"buyerAddress\" name=\"buyerAddress\" required><br>\n        <label for=\"buyerPhone\">Cep Telefonu:<\/label><br>\n        <input type=\"text\" id=\"buyerPhone\" name=\"buyerPhone\" required><br>\n        <label for=\"buyerEmail\">E-mail Adresi:<\/label><br>\n        <input type=\"email\" id=\"buyerEmail\" name=\"buyerEmail\" required><br>\n        <label for=\"productName\">E\u011fitim Ad\u0131:<\/label><br>\n        <input type=\"text\" id=\"productName\" name=\"productName\" required><br>\n        <label for=\"price\">Fiyat:<\/label><br>\n        <input type=\"text\" id=\"price\" name=\"price\" required><br><br>\n        <button type=\"submit\">S\u00f6zle\u015fme Olu\u015ftur ve G\u00f6nder<\/button>\n    <\/form>\n<\/body>\n<\/html>\n","protected":false},"excerpt":{"rendered":"<p>Mesafeli Sat\u0131\u015f S\u00f6zle\u015fmesi Mesafeli Sat\u0131\u015f S\u00f6zle\u015fmesi 1. TARAFLAR 1.1. Sat\u0131c\u0131: \u00dcnvan\u0131: SC E\u011e\u0130T\u0130M DANI\u015eMANLIK E\u011fitim Platformu (Bundan b\u00f6yle \u201cSC E\u011e\u0130T\u0130M DANI\u015eMANLIK\u201d olarak an\u0131lacakt\u0131r.) Adres: Akarca Mahallesi Ay\u0131\u015f\u0131\u011f\u0131 Sokak B1-B7 Blok Daira:39 Kat:10 \u0130zmit\/Kocaeli Telefon: 0 (546) 819 88 13 E-Posta: info@scegitimdanismanlik.com 1.2. Al\u0131c\u0131: (Bundan sonra \u201cT\u00fcketici\u201d olarak an\u0131lacakt\u0131r.) Ad\u0131 soyad\u0131: T.C. Kimlik No: Adresi: Cep [&hellip;]<\/p>\n","protected":false},"author":1,"featured_media":0,"parent":0,"menu_order":0,"comment_status":"closed","ping_status":"closed","template":"","meta":{"footnotes":""},"class_list":["post-473","page","type-page","status-publish","hentry"],"_links":{"self":[{"href":"https:\/\/scegitimdanismanlik.com\/index.php\/wp-json\/wp\/v2\/pages\/473","targetHints":{"allow":["GET"]}}],"collection":[{"href":"https:\/\/scegitimdanismanlik.com\/index.php\/wp-json\/wp\/v2\/pages"}],"about":[{"href":"https:\/\/scegitimdanismanlik.com\/index.php\/wp-json\/wp\/v2\/types\/page"}],"author":[{"embeddable":true,"href":"https:\/\/scegitimdanismanlik.com\/index.php\/wp-json\/wp\/v2\/users\/1"}],"replies":[{"embeddable":true,"href":"https:\/\/scegitimdanismanlik.com\/index.php\/wp-json\/wp\/v2\/comments?post=473"}],"version-history":[{"count":1,"href":"https:\/\/scegitimdanismanlik.com\/index.php\/wp-json\/wp\/v2\/pages\/473\/revisions"}],"predecessor-version":[{"id":474,"href":"https:\/\/scegitimdanismanlik.com\/index.php\/wp-json\/wp\/v2\/pages\/473\/revisions\/474"}],"wp:attachment":[{"href":"https:\/\/scegitimdanismanlik.com\/index.php\/wp-json\/wp\/v2\/media?parent=473"}],"curies":[{"name":"wp","href":"https:\/\/api.w.org\/{rel}","templated":true}]}}