{"id":215,"date":"2024-04-26T19:13:46","date_gmt":"2024-04-26T19:13:46","guid":{"rendered":"http:\/\/scegitimdanismanlik.com\/?page_id=215"},"modified":"2024-04-26T19:13:46","modified_gmt":"2024-04-26T19:13:46","slug":"kalfalik-hazirlik-egitimleri-guzellik-ve-sac-bakim-hizmetleri","status":"publish","type":"page","link":"https:\/\/scegitimdanismanlik.com\/index.php\/kalfalik-hazirlik-egitimleri-guzellik-ve-sac-bakim-hizmetleri\/","title":{"rendered":"Kalfal\u0131k Haz\u0131rl\u0131k E\u011fitimleri G\u00fczellik ve Sa\u00e7 Bak\u0131m Hizmetleri"},"content":{"rendered":"","protected":false},"excerpt":{"rendered":"","protected":false},"author":1,"featured_media":0,"parent":0,"menu_order":0,"comment_status":"closed","ping_status":"closed","template":"","meta":{"footnotes":""},"class_list":["post-215","page","type-page","status-publish","hentry"],"_links":{"self":[{"href":"https:\/\/scegitimdanismanlik.com\/index.php\/wp-json\/wp\/v2\/pages\/215","targetHints":{"allow":["GET"]}}],"collection":[{"href":"https:\/\/scegitimdanismanlik.com\/index.php\/wp-json\/wp\/v2\/pages"}],"about":[{"href":"https:\/\/scegitimdanismanlik.com\/index.php\/wp-json\/wp\/v2\/types\/page"}],"author":[{"embeddable":true,"href":"https:\/\/scegitimdanismanlik.com\/index.php\/wp-json\/wp\/v2\/users\/1"}],"replies":[{"embeddable":true,"href":"https:\/\/scegitimdanismanlik.com\/index.php\/wp-json\/wp\/v2\/comments?post=215"}],"version-history":[{"count":1,"href":"https:\/\/scegitimdanismanlik.com\/index.php\/wp-json\/wp\/v2\/pages\/215\/revisions"}],"predecessor-version":[{"id":216,"href":"https:\/\/scegitimdanismanlik.com\/index.php\/wp-json\/wp\/v2\/pages\/215\/revisions\/216"}],"wp:attachment":[{"href":"https:\/\/scegitimdanismanlik.com\/index.php\/wp-json\/wp\/v2\/media?parent=215"}],"curies":[{"name":"wp","href":"https:\/\/api.w.org\/{rel}","templated":true}]}}